{"id":3,"date":"2024-11-19T10:53:39","date_gmt":"2024-11-19T10:53:39","guid":{"rendered":"https:\/\/www.colorflow.fi\/?page_id=3"},"modified":"2024-11-26T16:51:46","modified_gmt":"2024-11-26T16:51:46","slug":"yksityisyydensuojalauseke","status":"publish","type":"page","link":"https:\/\/www.colorflow.fi\/index.php\/yksityisyydensuojalauseke\/","title":{"rendered":"Yksityisyydensuojalauseke"},"content":{"rendered":"\r\n<p><strong>Viimeksi p\u00e4ivitetty:<\/strong> 25.11.2024<\/p>\r\n<p>Colorflow.fi (j\u00e4ljemp\u00e4n\u00e4 &#8221;sivusto&#8221;) sitoutuu suojaamaan k\u00e4ytt\u00e4jiens\u00e4 yksityisyytt\u00e4. T\u00e4m\u00e4 yksityisyydensuojalauseke selitt\u00e4\u00e4, miten ker\u00e4\u00e4mme, k\u00e4yt\u00e4mme ja suojaamme henkil\u00f6tietojasi, kun k\u00e4yt\u00e4t sivustoamme.<\/p>\r\n<h4 class=\"wp-block-heading\">1. Ker\u00e4\u00e4m\u00e4mme tiedot<\/h4>\r\n<p>Ker\u00e4\u00e4mme seuraavia tietoja:<\/p>\r\n<ul>\r\n<li>\r\n<p><strong>K\u00e4ytt\u00f6tiedot<\/strong>: Tiedot siit\u00e4, miten k\u00e4yt\u00e4t sivustoamme, mukaan lukien IP-osoite, selaintyyppi, k\u00e4ytt\u00f6j\u00e4rjestelm\u00e4 ja vierailun ajankohta.<\/p>\r\n<\/li>\r\n<\/ul>\r\n<h4>2. Tietojen k\u00e4ytt\u00f6<\/h4>\r\n<p>K\u00e4yt\u00e4mme ker\u00e4\u00e4mi\u00e4mme tietoja seuraaviin tarkoituksiin:<\/p>\r\n<ul>\r\n<li>\r\n<p>Sivuston toiminnan ja k\u00e4ytett\u00e4vyyden parantaminen.<\/p>\r\n<\/li>\r\n<li>\r\n<p>K\u00e4ytt\u00e4j\u00e4kokemuksen personointi.<\/p>\r\n<\/li>\r\n<li>\r\n<p>Markkinointiviestien l\u00e4hett\u00e4minen, jos olet antanut siihen suostumuksesi.<\/p>\r\n<\/li>\r\n<li>\r\n<p>Analysointi ja raportointi Google Search Consolen avulla.<\/p>\r\n<\/li>\r\n<\/ul>\r\n<h4>3. Google Search Console<\/h4>\r\n<p>K\u00e4yt\u00e4mme Google Search Consolea analysoidaksemme sivustomme liikennett\u00e4 ja suorituskyky\u00e4. Google Search Console voi ker\u00e4t\u00e4 tietoja, kuten IP-osoitteita ja k\u00e4ytt\u00e4jien selaintietoja. Lis\u00e4tietoja siit\u00e4, miten Google k\u00e4sittelee tietojasi, l\u00f6yd\u00e4t <em>https:\/\/policies.google.com\/privacy<\/em>\u00a0-sivulta.<\/p>\r\n<h4>4. Tietojen jakaminen<\/h4>\r\n<p>Emme myy, vuokraa tai muutoin jaa henkil\u00f6tietojasi kolmansille osapuolille ilman suostumustasi, paitsi lain edellytt\u00e4miss\u00e4 tapauksissa.<\/p>\r\n<h4>5. Tietojen suojaaminen<\/h4>\r\n<p>K\u00e4yt\u00e4mme asianmukaisia teknisi\u00e4 ja organisatorisia toimenpiteit\u00e4 suojataksemme henkil\u00f6tietojasi luvattomalta p\u00e4\u00e4sylt\u00e4, k\u00e4yt\u00f6lt\u00e4 tai paljastamiselta.<\/p>\r\n<h4>6. Oikeutesi<\/h4>\r\n<p>Sinulla on oikeus:<\/p>\r\n<ul>\r\n<li>\r\n<p>Pyyt\u00e4\u00e4 kopiota sinusta ker\u00e4tyist\u00e4 henkil\u00f6tiedoista.\u00a0<\/p>\r\n<\/li>\r\n<li>\r\n<p>Pyyt\u00e4\u00e4 virheellisten tietojen oikaisua.<\/p>\r\n<\/li>\r\n<li>\r\n<p>Pyyt\u00e4\u00e4 tietojesi poistamista.<\/p>\r\n<\/li>\r\n<\/ul>\r\n<h4>7. Yhteystiedot<\/h4>\r\n<p>Jos sinulla on kysytt\u00e4v\u00e4\u00e4 t\u00e4st\u00e4 yksityisyydensuojalausekkeesta tai haluat k\u00e4ytt\u00e4\u00e4 oikeuksiasi, ota yhteytt\u00e4:<\/p>\r\n<ul>\r\n<li>\r\n<p><strong>S\u00e4hk\u00f6posti:<\/strong> merva.colorflow@gmail.com<\/p>\r\n<\/li>\r\n<\/ul>\r\n<h4>8. Muutokset yksityisyydensuojalausekkeeseen<\/h4>\r\n<p>Pid\u00e4t\u00e4mme oikeuden p\u00e4ivitt\u00e4\u00e4 t\u00e4t\u00e4 yksityisyydensuojalauseketta. Ilmoitamme muutoksista sivustollamme.<\/p>","protected":false},"excerpt":{"rendered":"<p>Viimeksi p\u00e4ivitetty: 25.11.2024 Colorflow.fi (j\u00e4ljemp\u00e4n\u00e4 &#8221;sivusto&#8221;) sitoutuu suojaamaan k\u00e4ytt\u00e4jiens\u00e4 yksityisyytt\u00e4. T\u00e4m\u00e4 yksityisyydensuojalauseke selitt\u00e4\u00e4, miten ker\u00e4\u00e4mme, k\u00e4yt\u00e4mme ja suojaamme henkil\u00f6tietojasi, kun k\u00e4yt\u00e4t sivustoamme. 1. Ker\u00e4\u00e4m\u00e4mme tiedot Ker\u00e4\u00e4mme seuraavia tietoja: K\u00e4ytt\u00f6tiedot: Tiedot siit\u00e4, miten k\u00e4yt\u00e4t sivustoamme, mukaan lukien IP-osoite, selaintyyppi, k\u00e4ytt\u00f6j\u00e4rjestelm\u00e4 ja vierailun ajankohta. 2. Tietojen k\u00e4ytt\u00f6 K\u00e4yt\u00e4mme ker\u00e4\u00e4mi\u00e4mme tietoja seuraaviin tarkoituksiin: Sivuston toiminnan ja k\u00e4ytett\u00e4vyyden parantaminen. [&hellip;]<\/p>\n","protected":false},"author":1,"featured_media":0,"parent":0,"menu_order":0,"comment_status":"closed","ping_status":"closed","template":"page-templates\/full-width-page.php","meta":{"footnotes":""},"class_list":["post-3","page","type-page","status-publish","hentry"],"yoast_head":"<!-- This site is optimized with the Yoast SEO plugin v27.4 - https:\/\/yoast.com\/product\/yoast-seo-wordpress\/ -->\n<title>Yksityisyydensuojalauseke - Colorflow.fi<\/title>\n<meta name=\"description\" content=\"T\u00e4m\u00e4 yksityisyydensuojalauseke selitt\u00e4\u00e4, miten ker\u00e4\u00e4mme, k\u00e4yt\u00e4mme ja suojaamme henkil\u00f6tietojasi, kun k\u00e4yt\u00e4t sivustoamme.\" \/>\n<meta name=\"robots\" content=\"index, follow, max-snippet:-1, max-image-preview:large, max-video-preview:-1\" \/>\n<link rel=\"canonical\" href=\"https:\/\/www.colorflow.fi\/index.php\/yksityisyydensuojalauseke\/\" \/>\n<meta property=\"og:locale\" content=\"fi_FI\" \/>\n<meta property=\"og:type\" content=\"article\" \/>\n<meta property=\"og:title\" content=\"Yksityisyydensuojalauseke - Colorflow.fi\" \/>\n<meta property=\"og:description\" content=\"T\u00e4m\u00e4 yksityisyydensuojalauseke selitt\u00e4\u00e4, miten ker\u00e4\u00e4mme, k\u00e4yt\u00e4mme ja suojaamme henkil\u00f6tietojasi, kun k\u00e4yt\u00e4t sivustoamme.\" \/>\n<meta property=\"og:url\" content=\"https:\/\/www.colorflow.fi\/index.php\/yksityisyydensuojalauseke\/\" \/>\n<meta property=\"og:site_name\" content=\"Colorflow.fi\" \/>\n<meta property=\"article:publisher\" content=\"https:\/\/www.facebook.com\/profile.php?id=61565808767071\" \/>\n<meta property=\"article:modified_time\" content=\"2024-11-26T16:51:46+00:00\" \/>\n<meta name=\"twitter:card\" content=\"summary_large_image\" \/>\n<meta name=\"twitter:label1\" content=\"Arvioitu lukuaika\" \/>\n\t<meta name=\"twitter:data1\" content=\"2 minuuttia\" \/>\n<script type=\"application\/ld+json\" class=\"yoast-schema-graph\">{\"@context\":\"https:\\\/\\\/schema.org\",\"@graph\":[{\"@type\":\"WebPage\",\"@id\":\"https:\\\/\\\/www.colorflow.fi\\\/index.php\\\/yksityisyydensuojalauseke\\\/\",\"url\":\"https:\\\/\\\/www.colorflow.fi\\\/index.php\\\/yksityisyydensuojalauseke\\\/\",\"name\":\"Yksityisyydensuojalauseke - Colorflow.fi\",\"isPartOf\":{\"@id\":\"https:\\\/\\\/www.colorflow.fi\\\/#website\"},\"datePublished\":\"2024-11-19T10:53:39+00:00\",\"dateModified\":\"2024-11-26T16:51:46+00:00\",\"description\":\"T\u00e4m\u00e4 yksityisyydensuojalauseke selitt\u00e4\u00e4, miten ker\u00e4\u00e4mme, k\u00e4yt\u00e4mme ja suojaamme henkil\u00f6tietojasi, kun k\u00e4yt\u00e4t sivustoamme.\",\"breadcrumb\":{\"@id\":\"https:\\\/\\\/www.colorflow.fi\\\/index.php\\\/yksityisyydensuojalauseke\\\/#breadcrumb\"},\"inLanguage\":\"fi\",\"potentialAction\":[{\"@type\":\"ReadAction\",\"target\":[\"https:\\\/\\\/www.colorflow.fi\\\/index.php\\\/yksityisyydensuojalauseke\\\/\"]}]},{\"@type\":\"BreadcrumbList\",\"@id\":\"https:\\\/\\\/www.colorflow.fi\\\/index.php\\\/yksityisyydensuojalauseke\\\/#breadcrumb\",\"itemListElement\":[{\"@type\":\"ListItem\",\"position\":1,\"name\":\"Etusivu\",\"item\":\"https:\\\/\\\/www.colorflow.fi\\\/\"},{\"@type\":\"ListItem\",\"position\":2,\"name\":\"Yksityisyydensuojalauseke\"}]},{\"@type\":\"WebSite\",\"@id\":\"https:\\\/\\\/www.colorflow.fi\\\/#website\",\"url\":\"https:\\\/\\\/www.colorflow.fi\\\/\",\"name\":\"Colorflow.fi\",\"description\":\"Colorflow - V&auml;rianalyysi Joensuu\",\"publisher\":{\"@id\":\"https:\\\/\\\/www.colorflow.fi\\\/#organization\"},\"potentialAction\":[{\"@type\":\"SearchAction\",\"target\":{\"@type\":\"EntryPoint\",\"urlTemplate\":\"https:\\\/\\\/www.colorflow.fi\\\/?s={search_term_string}\"},\"query-input\":{\"@type\":\"PropertyValueSpecification\",\"valueRequired\":true,\"valueName\":\"search_term_string\"}}],\"inLanguage\":\"fi\"},{\"@type\":\"Organization\",\"@id\":\"https:\\\/\\\/www.colorflow.fi\\\/#organization\",\"name\":\"ColorFlow\",\"url\":\"https:\\\/\\\/www.colorflow.fi\\\/\",\"logo\":{\"@type\":\"ImageObject\",\"inLanguage\":\"fi\",\"@id\":\"https:\\\/\\\/www.colorflow.fi\\\/#\\\/schema\\\/logo\\\/image\\\/\",\"url\":\"https:\\\/\\\/www.colorflow.fi\\\/wp-content\\\/uploads\\\/2025\\\/07\\\/favicon.png\",\"contentUrl\":\"https:\\\/\\\/www.colorflow.fi\\\/wp-content\\\/uploads\\\/2025\\\/07\\\/favicon.png\",\"width\":512,\"height\":512,\"caption\":\"ColorFlow\"},\"image\":{\"@id\":\"https:\\\/\\\/www.colorflow.fi\\\/#\\\/schema\\\/logo\\\/image\\\/\"},\"sameAs\":[\"https:\\\/\\\/www.facebook.com\\\/profile.php?id=61565808767071\",\"https:\\\/\\\/www.instagram.com\\\/colorflow.fi\\\/\"]}]}<\/script>\n<!-- \/ Yoast SEO plugin. -->","yoast_head_json":{"title":"Yksityisyydensuojalauseke - Colorflow.fi","description":"T\u00e4m\u00e4 yksityisyydensuojalauseke selitt\u00e4\u00e4, miten ker\u00e4\u00e4mme, k\u00e4yt\u00e4mme ja suojaamme henkil\u00f6tietojasi, kun k\u00e4yt\u00e4t sivustoamme.","robots":{"index":"index","follow":"follow","max-snippet":"max-snippet:-1","max-image-preview":"max-image-preview:large","max-video-preview":"max-video-preview:-1"},"canonical":"https:\/\/www.colorflow.fi\/index.php\/yksityisyydensuojalauseke\/","og_locale":"fi_FI","og_type":"article","og_title":"Yksityisyydensuojalauseke - Colorflow.fi","og_description":"T\u00e4m\u00e4 yksityisyydensuojalauseke selitt\u00e4\u00e4, miten ker\u00e4\u00e4mme, k\u00e4yt\u00e4mme ja suojaamme henkil\u00f6tietojasi, kun k\u00e4yt\u00e4t sivustoamme.","og_url":"https:\/\/www.colorflow.fi\/index.php\/yksityisyydensuojalauseke\/","og_site_name":"Colorflow.fi","article_publisher":"https:\/\/www.facebook.com\/profile.php?id=61565808767071","article_modified_time":"2024-11-26T16:51:46+00:00","twitter_card":"summary_large_image","twitter_misc":{"Arvioitu lukuaika":"2 minuuttia"},"schema":{"@context":"https:\/\/schema.org","@graph":[{"@type":"WebPage","@id":"https:\/\/www.colorflow.fi\/index.php\/yksityisyydensuojalauseke\/","url":"https:\/\/www.colorflow.fi\/index.php\/yksityisyydensuojalauseke\/","name":"Yksityisyydensuojalauseke - Colorflow.fi","isPartOf":{"@id":"https:\/\/www.colorflow.fi\/#website"},"datePublished":"2024-11-19T10:53:39+00:00","dateModified":"2024-11-26T16:51:46+00:00","description":"T\u00e4m\u00e4 yksityisyydensuojalauseke selitt\u00e4\u00e4, miten ker\u00e4\u00e4mme, k\u00e4yt\u00e4mme ja suojaamme henkil\u00f6tietojasi, kun k\u00e4yt\u00e4t sivustoamme.","breadcrumb":{"@id":"https:\/\/www.colorflow.fi\/index.php\/yksityisyydensuojalauseke\/#breadcrumb"},"inLanguage":"fi","potentialAction":[{"@type":"ReadAction","target":["https:\/\/www.colorflow.fi\/index.php\/yksityisyydensuojalauseke\/"]}]},{"@type":"BreadcrumbList","@id":"https:\/\/www.colorflow.fi\/index.php\/yksityisyydensuojalauseke\/#breadcrumb","itemListElement":[{"@type":"ListItem","position":1,"name":"Etusivu","item":"https:\/\/www.colorflow.fi\/"},{"@type":"ListItem","position":2,"name":"Yksityisyydensuojalauseke"}]},{"@type":"WebSite","@id":"https:\/\/www.colorflow.fi\/#website","url":"https:\/\/www.colorflow.fi\/","name":"Colorflow.fi","description":"Colorflow - V&auml;rianalyysi Joensuu","publisher":{"@id":"https:\/\/www.colorflow.fi\/#organization"},"potentialAction":[{"@type":"SearchAction","target":{"@type":"EntryPoint","urlTemplate":"https:\/\/www.colorflow.fi\/?s={search_term_string}"},"query-input":{"@type":"PropertyValueSpecification","valueRequired":true,"valueName":"search_term_string"}}],"inLanguage":"fi"},{"@type":"Organization","@id":"https:\/\/www.colorflow.fi\/#organization","name":"ColorFlow","url":"https:\/\/www.colorflow.fi\/","logo":{"@type":"ImageObject","inLanguage":"fi","@id":"https:\/\/www.colorflow.fi\/#\/schema\/logo\/image\/","url":"https:\/\/www.colorflow.fi\/wp-content\/uploads\/2025\/07\/favicon.png","contentUrl":"https:\/\/www.colorflow.fi\/wp-content\/uploads\/2025\/07\/favicon.png","width":512,"height":512,"caption":"ColorFlow"},"image":{"@id":"https:\/\/www.colorflow.fi\/#\/schema\/logo\/image\/"},"sameAs":["https:\/\/www.facebook.com\/profile.php?id=61565808767071","https:\/\/www.instagram.com\/colorflow.fi\/"]}]}},"_links":{"self":[{"href":"https:\/\/www.colorflow.fi\/index.php\/wp-json\/wp\/v2\/pages\/3","targetHints":{"allow":["GET"]}}],"collection":[{"href":"https:\/\/www.colorflow.fi\/index.php\/wp-json\/wp\/v2\/pages"}],"about":[{"href":"https:\/\/www.colorflow.fi\/index.php\/wp-json\/wp\/v2\/types\/page"}],"author":[{"embeddable":true,"href":"https:\/\/www.colorflow.fi\/index.php\/wp-json\/wp\/v2\/users\/1"}],"replies":[{"embeddable":true,"href":"https:\/\/www.colorflow.fi\/index.php\/wp-json\/wp\/v2\/comments?post=3"}],"version-history":[{"count":4,"href":"https:\/\/www.colorflow.fi\/index.php\/wp-json\/wp\/v2\/pages\/3\/revisions"}],"predecessor-version":[{"id":154,"href":"https:\/\/www.colorflow.fi\/index.php\/wp-json\/wp\/v2\/pages\/3\/revisions\/154"}],"wp:attachment":[{"href":"https:\/\/www.colorflow.fi\/index.php\/wp-json\/wp\/v2\/media?parent=3"}],"curies":[{"name":"wp","href":"https:\/\/api.w.org\/{rel}","templated":true}]}}